{"id":242,"date":"2024-03-19T14:38:02","date_gmt":"2024-03-19T14:38:02","guid":{"rendered":"https:\/\/goldprojekt.hr\/?page_id=242"},"modified":"2026-02-16T11:54:42","modified_gmt":"2026-02-16T11:54:42","slug":"projekti","status":"publish","type":"page","link":"http:\/\/goldprojekt.hr\/en\/projekti\/","title":{"rendered":"Projekti"},"content":{"rendered":"<div data-elementor-type=\"wp-page\" data-elementor-id=\"242\" class=\"elementor elementor-242\" data-elementor-post-type=\"page\">\n\t\t\t\t<div class=\"elementor-element elementor-element-649a5cee e-flex e-con-boxed e-con e-parent\" data-id=\"649a5cee\" data-element_type=\"container\" data-settings=\"{&quot;background_background&quot;:&quot;classic&quot;}\">\n\t\t\t\t\t<div class=\"e-con-inner\">\n\t\t<div class=\"elementor-element elementor-element-3a5321d6 e-con-full e-flex e-con e-child\" data-id=\"3a5321d6\" data-element_type=\"container\">\n\t\t<div class=\"elementor-element elementor-element-221b86d3 e-con-full e-flex e-con e-child\" data-id=\"221b86d3\" data-element_type=\"container\">\n\t\t<div class=\"elementor-element elementor-element-5a7dfa1d e-transform elementor-hidden-tablet elementor-hidden-mobile e-flex e-con-boxed e-con e-child\" data-id=\"5a7dfa1d\" data-element_type=\"container\" data-settings=\"{&quot;position&quot;:&quot;absolute&quot;,&quot;_transform_rotateZ_effect&quot;:{&quot;unit&quot;:&quot;px&quot;,&quot;size&quot;:90,&quot;sizes&quot;:[]},&quot;_transform_rotateZ_effect_tablet&quot;:{&quot;unit&quot;:&quot;deg&quot;,&quot;size&quot;:&quot;&quot;,&quot;sizes&quot;:[]},&quot;_transform_rotateZ_effect_mobile&quot;:{&quot;unit&quot;:&quot;deg&quot;,&quot;size&quot;:&quot;&quot;,&quot;sizes&quot;:[]}}\">\n\t\t\t\t\t<div class=\"e-con-inner\">\n\t\t<div class=\"elementor-element elementor-element-69d5bfe3 e-flex e-con-boxed e-con e-child\" data-id=\"69d5bfe3\" data-element_type=\"container\" data-settings=\"{&quot;motion_fx_motion_fx_scrolling&quot;:&quot;yes&quot;,&quot;motion_fx_translateX_effect&quot;:&quot;yes&quot;,&quot;motion_fx_translateX_speed&quot;:{&quot;unit&quot;:&quot;px&quot;,&quot;size&quot;:2.2,&quot;sizes&quot;:[]},&quot;motion_fx_translateX_affectedRange&quot;:{&quot;unit&quot;:&quot;%&quot;,&quot;size&quot;:&quot;&quot;,&quot;sizes&quot;:{&quot;start&quot;:0,&quot;end&quot;:100}},&quot;motion_fx_devices&quot;:[&quot;desktop&quot;,&quot;tablet&quot;,&quot;mobile&quot;]}\">\n\t\t\t\t\t<div class=\"e-con-inner\">\n\t\t\t\t<div class=\"elementor-element elementor-element-37c73f28 elementor-widget elementor-widget-heading\" data-id=\"37c73f28\" data-element_type=\"widget\" data-settings=\"{&quot;motion_fx_motion_fx_scrolling&quot;:&quot;yes&quot;,&quot;motion_fx_devices&quot;:[&quot;desktop&quot;,&quot;tablet&quot;,&quot;mobile&quot;]}\" data-widget_type=\"heading.default\">\n\t\t\t\t<div class=\"elementor-widget-container\">\n\t\t\t<style>\/*! elementor - v3.21.0 - 26-05-2024 *\/\n.elementor-heading-title{padding:0;margin:0;line-height:1}.elementor-widget-heading .elementor-heading-title[class*=elementor-size-]>a{color:inherit;font-size:inherit;line-height:inherit}.elementor-widget-heading .elementor-heading-title.elementor-size-small{font-size:15px}.elementor-widget-heading .elementor-heading-title.elementor-size-medium{font-size:19px}.elementor-widget-heading .elementor-heading-title.elementor-size-large{font-size:29px}.elementor-widget-heading .elementor-heading-title.elementor-size-xl{font-size:39px}.elementor-widget-heading .elementor-heading-title.elementor-size-xxl{font-size:59px}<\/style><h2 class=\"elementor-heading-title elementor-size-default\">Autorski radovi<\/h2>\t\t<\/div>\n\t\t\t\t<\/div>\n\t\t\t\t<div class=\"elementor-element elementor-element-2f17b227 elementor-widget-divider--view-line elementor-widget elementor-widget-divider\" data-id=\"2f17b227\" data-element_type=\"widget\" data-settings=\"{&quot;motion_fx_motion_fx_scrolling&quot;:&quot;yes&quot;,&quot;motion_fx_devices&quot;:[&quot;desktop&quot;,&quot;tablet&quot;,&quot;mobile&quot;]}\" data-widget_type=\"divider.default\">\n\t\t\t\t<div class=\"elementor-widget-container\">\n\t\t\t<style>\/*! elementor - v3.21.0 - 26-05-2024 *\/\n.elementor-widget-divider{--divider-border-style:none;--divider-border-width:1px;--divider-color:#0c0d0e;--divider-icon-size:20px;--divider-element-spacing:10px;--divider-pattern-height:24px;--divider-pattern-size:20px;--divider-pattern-url:none;--divider-pattern-repeat:repeat-x}.elementor-widget-divider .elementor-divider{display:flex}.elementor-widget-divider .elementor-divider__text{font-size:15px;line-height:1;max-width:95%}.elementor-widget-divider .elementor-divider__element{margin:0 var(--divider-element-spacing);flex-shrink:0}.elementor-widget-divider .elementor-icon{font-size:var(--divider-icon-size)}.elementor-widget-divider .elementor-divider-separator{display:flex;margin:0;direction:ltr}.elementor-widget-divider--view-line_icon .elementor-divider-separator,.elementor-widget-divider--view-line_text .elementor-divider-separator{align-items:center}.elementor-widget-divider--view-line_icon .elementor-divider-separator:after,.elementor-widget-divider--view-line_icon .elementor-divider-separator:before,.elementor-widget-divider--view-line_text .elementor-divider-separator:after,.elementor-widget-divider--view-line_text .elementor-divider-separator:before{display:block;content:\"\";border-block-end:0;flex-grow:1;border-block-start:var(--divider-border-width) var(--divider-border-style) var(--divider-color)}.elementor-widget-divider--element-align-left .elementor-divider .elementor-divider-separator>.elementor-divider__svg:first-of-type{flex-grow:0;flex-shrink:100}.elementor-widget-divider--element-align-left .elementor-divider-separator:before{content:none}.elementor-widget-divider--element-align-left .elementor-divider__element{margin-left:0}.elementor-widget-divider--element-align-right .elementor-divider .elementor-divider-separator>.elementor-divider__svg:last-of-type{flex-grow:0;flex-shrink:100}.elementor-widget-divider--element-align-right .elementor-divider-separator:after{content:none}.elementor-widget-divider--element-align-right .elementor-divider__element{margin-right:0}.elementor-widget-divider--element-align-start .elementor-divider .elementor-divider-separator>.elementor-divider__svg:first-of-type{flex-grow:0;flex-shrink:100}.elementor-widget-divider--element-align-start .elementor-divider-separator:before{content:none}.elementor-widget-divider--element-align-start .elementor-divider__element{margin-inline-start:0}.elementor-widget-divider--element-align-end .elementor-divider .elementor-divider-separator>.elementor-divider__svg:last-of-type{flex-grow:0;flex-shrink:100}.elementor-widget-divider--element-align-end .elementor-divider-separator:after{content:none}.elementor-widget-divider--element-align-end .elementor-divider__element{margin-inline-end:0}.elementor-widget-divider:not(.elementor-widget-divider--view-line_text):not(.elementor-widget-divider--view-line_icon) .elementor-divider-separator{border-block-start:var(--divider-border-width) var(--divider-border-style) var(--divider-color)}.elementor-widget-divider--separator-type-pattern{--divider-border-style:none}.elementor-widget-divider--separator-type-pattern.elementor-widget-divider--view-line .elementor-divider-separator,.elementor-widget-divider--separator-type-pattern:not(.elementor-widget-divider--view-line) .elementor-divider-separator:after,.elementor-widget-divider--separator-type-pattern:not(.elementor-widget-divider--view-line) .elementor-divider-separator:before,.elementor-widget-divider--separator-type-pattern:not([class*=elementor-widget-divider--view]) .elementor-divider-separator{width:100%;min-height:var(--divider-pattern-height);-webkit-mask-size:var(--divider-pattern-size) 100%;mask-size:var(--divider-pattern-size) 100%;-webkit-mask-repeat:var(--divider-pattern-repeat);mask-repeat:var(--divider-pattern-repeat);background-color:var(--divider-color);-webkit-mask-image:var(--divider-pattern-url);mask-image:var(--divider-pattern-url)}.elementor-widget-divider--no-spacing{--divider-pattern-size:auto}.elementor-widget-divider--bg-round{--divider-pattern-repeat:round}.rtl .elementor-widget-divider .elementor-divider__text{direction:rtl}.e-con-inner>.elementor-widget-divider,.e-con>.elementor-widget-divider{width:var(--container-widget-width,100%);--flex-grow:var(--container-widget-flex-grow)}<\/style>\t\t<div class=\"elementor-divider\">\n\t\t\t<span class=\"elementor-divider-separator\">\n\t\t\t\t\t\t<\/span>\n\t\t<\/div>\n\t\t\t\t<\/div>\n\t\t\t\t<\/div>\n\t\t\t\t\t<\/div>\n\t\t\t\t<\/div>\n\t\t\t\t\t<\/div>\n\t\t\t\t<\/div>\n\t\t<div class=\"elementor-element elementor-element-38e11f63 elementor-hidden-desktop e-flex e-con-boxed e-con e-child\" data-id=\"38e11f63\" data-element_type=\"container\">\n\t\t\t\t\t<div class=\"e-con-inner\">\n\t\t<div class=\"elementor-element elementor-element-525ac338 e-flex e-con-boxed e-con e-child\" data-id=\"525ac338\" data-element_type=\"container\">\n\t\t\t\t\t<div class=\"e-con-inner\">\n\t\t\t\t<div class=\"elementor-element elementor-element-427d1286 elementor-widget elementor-widget-heading\" data-id=\"427d1286\" data-element_type=\"widget\" data-settings=\"{&quot;motion_fx_motion_fx_scrolling&quot;:&quot;yes&quot;,&quot;motion_fx_devices&quot;:[&quot;desktop&quot;,&quot;tablet&quot;,&quot;mobile&quot;]}\" data-widget_type=\"heading.default\">\n\t\t\t\t<div class=\"elementor-widget-container\">\n\t\t\t<h2 class=\"elementor-heading-title elementor-size-default\">Autorski radovi<\/h2>\t\t<\/div>\n\t\t\t\t<\/div>\n\t\t\t\t<div class=\"elementor-element elementor-element-64d78790 elementor-widget-divider--view-line elementor-widget elementor-widget-divider\" data-id=\"64d78790\" data-element_type=\"widget\" data-settings=\"{&quot;motion_fx_motion_fx_scrolling&quot;:&quot;yes&quot;,&quot;motion_fx_devices&quot;:[&quot;desktop&quot;,&quot;tablet&quot;,&quot;mobile&quot;]}\" data-widget_type=\"divider.default\">\n\t\t\t\t<div class=\"elementor-widget-container\">\n\t\t\t\t\t<div class=\"elementor-divider\">\n\t\t\t<span class=\"elementor-divider-separator\">\n\t\t\t\t\t\t<\/span>\n\t\t<\/div>\n\t\t\t\t<\/div>\n\t\t\t\t<\/div>\n\t\t\t\t\t<\/div>\n\t\t\t\t<\/div>\n\t\t\t\t\t<\/div>\n\t\t\t\t<\/div>\n\t\t\t\t<\/div>\n\t\t<div class=\"elementor-element elementor-element-60be9dc1 e-con-full e-flex e-con e-child\" data-id=\"60be9dc1\" data-element_type=\"container\">\n\t\t\t\t<div class=\"elementor-element elementor-element-99eb2d4 elementor-hidden-tablet elementor-hidden-mobile elementor-widget elementor-widget-heading\" data-id=\"99eb2d4\" data-element_type=\"widget\" data-widget_type=\"heading.default\">\n\t\t\t\t<div class=\"elementor-widget-container\">\n\t\t\t<h2 class=\"elementor-heading-title elementor-size-default\">Autorski i izdvojeni radovi<\/h2>\t\t<\/div>\n\t\t\t\t<\/div>\n\t\t\t\t<div class=\"elementor-element elementor-element-3818f57 elementor-widget elementor-widget-html\" data-id=\"3818f57\" data-element_type=\"widget\" data-widget_type=\"html.default\">\n\t\t\t\t<div class=\"elementor-widget-container\">\n\t\t\t<!DOCTYPE html>\r\n<html lang=\"en\">\r\n<head>\r\n<meta charset=\"UTF-8\">\r\n<meta name=\"viewport\" content=\"width=device-width, initial-scale=1.0\">\r\n<title>Radno iskustvo<\/title>\r\n<style>\r\n  .experience-container {\r\n    margin-top: 20px;\r\n  }\r\n\r\n  .year-circle {\r\n    display: inline-block;\r\n    width: 40px;\r\n    height: 40px;\r\n    border-radius: 50%;\r\n    background-color: #000;\r\n    color: #ffffff;\r\n    font-size: 16px;\r\n    font-weight: bold;\r\n    line-height: 40px;\r\n    text-align: center;\r\n    margin-right: 10px;\r\n  }\r\n\r\n  .experience-details {\r\n    margin-bottom: 20px;\r\n  }\r\n\r\n  .experience-details h6 {\r\n    margin: 0;\r\n    font-family: inherit;\r\n    font-size: inherit;\r\n    font-weight: bold;\r\n    line-height: 40px;\r\n  }\r\n<\/style>\r\n<\/head>\r\n<body>\r\n\r\n<div class=\"experience-container\">\r\n\r\n  <!-- Primjer za 1985 -->\r\n  <div class=\"experience-details\">\r\n    <div class=\"year-circle\">1985<\/div>\r\n    <h6>Arhitektonski natje\u010daj za INA benzinske pumpe - Suradnik<\/h6>\r\n  <\/div>\r\n\r\n  <!-- 1986 -->\r\n  <div class=\"experience-details\">\r\n    <div class=\"year-circle\">1986<\/div>\r\n    <h6>Arhitektonski natje\u010daj za projekt \u0161kole \u2013 rekonstrukcija burga \u0160arengrad u Iloku - Autor<\/h6>\r\n    <h6>Projekt pasivne solarne obiteljske ku\u0107e u Zelini - Suradnik<\/h6>\r\n    <h6>Idejni projekt interijera izloga Mladost, Ilica u Zagrebu - Autor (2. nagrada)<\/h6>\r\n  <\/div>\r\n\r\n  <!-- 1987 -->\r\n  <div class=\"experience-details\">\r\n    <div class=\"year-circle\">1987<\/div>\r\n    <h6>Rektorova nagrada sveu\u010dili\u0161ta u Zagrebu \u2013 Projekt pasivnog i aktivnog iskori\u0161tavanja sun\u010deve energije<\/h6>\r\n  <\/div>\r\n\r\n  <!-- 1988 -->\r\n  <div class=\"experience-details\">\r\n    <div class=\"year-circle\">1988<\/div>\r\n    <h6>Izvedbena dokumentacija za objekt Tehni\u010dkog \u0161kolskog centra u Zadru - Suradnik<\/h6>\r\n    <h6>Arhitektonski natje\u010daj za bolnicu u Kasselu - Suradnik<\/h6>\r\n    <h6>Arhitektonski snimak kurije s. Marije, Kaptol 3 i Kaptol 4 u Zagrebu<\/h6>\r\n  <\/div>\r\n\r\n  <!-- 1989 -->\r\n  <div class=\"experience-details\">\r\n    <div class=\"year-circle\">1989<\/div>\r\n    <h6>Interijer discoteque \u010cate\u017e, \u010cate\u0161ke toplice - Suradnik<\/h6>\r\n    <h6>Interijer discoteque Sheakspire - Split - Suradnik<\/h6>\r\n    <h6>Natje\u010daj za poslovno-stambeni objekt Nova Ves \u2013 Zagreb - Autor (2. nagrada)<\/h6>\r\n    <h6>Natje\u010daj za robnu ku\u0107u Pesch, Koln - Koautor (otkup)<\/h6>\r\n    <h6>Idejni projekt ameri\u010dkog konzulata u Zagrebu - Suradnik<\/h6>\r\n    <h6>Interijer duty free shop Poljoopskrba, Var\u0161avska 2 u Zagrebu - Suradnik<\/h6>\r\n  <\/div>\r\n\r\n  <!-- 1990 -->\r\n  <div class=\"experience-details\">\r\n    <div class=\"year-circle\">1990<\/div>\r\n    <h6>Idejni projekt ure\u0111enja bloka Zvonimirova-Bauerova-Lopa\u0161i\u0107eva-Dukljaninova - Koautor<\/h6>\r\n    <h6>Interieur Fotostudio I, Gunduli\u0107eva 12 u Zagrebu - izvedeno<\/h6>\r\n    <h6>Idejni projekt AGROCENTAR u Brckovljanima<\/h6>\r\n  <\/div>\r\n\r\n  <!-- 1991 -->\r\n  <div class=\"experience-details\">\r\n    <div class=\"year-circle\">1991<\/div>\r\n    <h6>Boutique Vrbik - lokal 1 u Zagrebu - izvedeno<\/h6>\r\n    <h6>Arhitektonski snimak ku\u0107e Opatovina 11 u Zagrebu<\/h6>\r\n  <\/div>\r\n\r\n  <!-- 1992 -->\r\n  <div class=\"experience-details\">\r\n    <div class=\"year-circle\">1992<\/div>\r\n    <h6>Interijer trgovine P u Zagrebu - izvedeno<\/h6>\r\n    <h6>Idejni projekt caffe bar 27 u Osijeku<\/h6>\r\n    <h6>Idejni projekt skladi\u0161ta Centar male privrede Savica \u2013 \u0160anci u Zagrebu<\/h6>\r\n    <h6>Idejni projekt kiosk fast food - Marti\u0107eva 7 u Zagrebu<\/h6>\r\n    <h6>Idejni projekt pekare Bologna - Bolni\u010dka 1 u Zagrebu - izvedeno<\/h6>\r\n  <\/div>\r\n\r\n  <!-- 1993 -->\r\n  <div class=\"experience-details\">\r\n    <div class=\"year-circle\">1993<\/div>\r\n    <h6>Interijer boutique P \u2013 Marti\u0107eva 71 u Zagrebu - izvedeno<\/h6>\r\n    <h6>Interijer Foto studio B - Marti\u0107eva 73 u Zagrebu - izvedeno<\/h6>\r\n    <h6>Interijer knji\u017eare B \u2013 Kri\u017eani\u0107eva 6 u Rijeci - izvedeno<\/h6>\r\n    <h6>Interijer bistro LM - Male\u0161nica 52 u Zagrebu - izvedeno<\/h6>\r\n    <h6>Idejni projekt pizzeria V - Gajeva 2 u Puli<\/h6>\r\n  <\/div>\r\n\r\n  <!-- 1994 -->\r\n  <div class=\"experience-details\">\r\n    <div class=\"year-circle\">1994<\/div>\r\n    <h6>Interijer caffe bar D - Kor\u010dulanska 3 u Zagrebu - izvedeno<\/h6>\r\n    <h6>Interijer caffe bar C - Marti\u0107eva 60 u Zagrebu - izvedeno<\/h6>\r\n    <h6>Idejni projekt me\u0111unarodnog press centra HND - Perkov\u0107eva 2 u Zagrebu<\/h6>\r\n    <h6>Interijer boutiqua M - Vla\u0161ka 71 u Zagrebu - izvedeno<\/h6>\r\n    <h6>Interijer ljekarna H \u2013 Susedgrad u Zagrebu - izvedeno<\/h6>\r\n  <\/div>\r\n\r\n  <!-- 1995 -->\r\n  <div class=\"experience-details\">\r\n    <div class=\"year-circle\">1995<\/div>\r\n    <h6>Idejni projekt stola za sjednice Vlade RH - Markov trg 5 u Zagrebu<\/h6>\r\n    <h6>Idejni projekt postamenta za spomenik Sv.Vinka Paulskog u samostanu Sv.Vinka Frankopanska 17 u Zagrebu - izvedeno<\/h6>\r\n    <h6>Interijer biblioteke u rezidenciji predsjednika RH - Pantov\u010dak 241 u Zagrebu - izvedeno<\/h6>\r\n    <h6>Idejni projekt restorana i caffe bara Esperanza - Perkov\u010deva 2 u Zagrebu<\/h6>\r\n  <\/div>\r\n\r\n  <!-- ... Ovdje ide nastavak za sve godine od 1996 do 2019 ... -->\r\n\r\n  <!-- 2020 -->\r\n  <div class=\"experience-details\">\r\n    <div class=\"year-circle\">2020<\/div>\r\n    <h6>Idejna studija i projekt Centar za 3 \u017eivotnu dob - Punat na otoku Krk<\/h6>\r\n    <h6>Projekt interieura zubarske ordinacija R \u2013 Radni\u010dka 32 Zagreb<\/h6>\r\n    <h6>Izrada eta\u017enog elaborata stambene zgrade R \u2013 Pod s.Mikulj 31 \u2013 Novi Vinodolski<\/h6>\r\n  <\/div>\r\n\r\n  <!-- 2021 -->\r\n  <div class=\"experience-details\">\r\n    <div class=\"year-circle\">2021<\/div>\r\n    <h6>Glavni projekt za gradnju obiteljske ku\u0107e I \u2013 Vidovec 249 u Zagrebu<\/h6>\r\n    <h6>Projekt obnove ure\u0111enja pro\u010delja stambene zgrade Kneza Borne 22 u Zagrebu<\/h6>\r\n    <h6>Projekt obnove ure\u0111enja pro\u010delja stambene zgrade Kneza Borne 30 u Zagrebu<\/h6>\r\n    <h6>Projekt obnove ure\u0111enja pro\u010delja stambene zgrade Branimirova 39_39\/1 u Zagrebu<\/h6>\r\n    <h6>Obnova stambene zgrade Masarykova 7 u Zagrebu<\/h6>\r\n  <\/div>\r\n\r\n  <!-- 2022 -->\r\n  <div class=\"experience-details\">\r\n    <div class=\"year-circle\">2022<\/div>\r\n    <h6>Arhitektonski snimak Vile Izvor \u2013 Nacionalni park Plitvi\u010dka jezera (registrirani spomenik kulture)<\/h6>\r\n    <h6>Glavni projekt za gradnju stambene zgrade SG \u2013 \u0160tefanove\u010dka 89 u Zagrebu<\/h6>\r\n    <h6>Glavni projekt za rekonstrukciju i dogradnju zgrade M \u2013 Silba 92 otok Silba<\/h6>\r\n    <h6>Glavni projekt za gradnju stambene zgrade \u017d \u2013 Oki\u0107ka 8 u Samoboru<\/h6>\r\n    <h6>Idejni projekt dogradnja i rekonstrukcije aparthotela Republika za HLS \u2013 Nazorova 63 u Zagrebu<\/h6>\r\n  <\/div>\r\n\r\n  <!-- 2023 -->\r\n  <div class=\"experience-details\">\r\n    <div class=\"year-circle\">2023<\/div>\r\n    <h6>Idejni projekt za rekonstrukciju i dogradnju Heritage hotela Jaegerhorn \u2013 Ilica 14 u Zagrebu<\/h6>\r\n    <h6>Glavni projekt za gradnju vi\u0161estambene zgrade I \u2013 Ljubijska 20 u Zagrebu<\/h6>\r\n    <h6>Idejni projekt za gradnju turisti\u010dkih vila A, B, C, D i E - Pri\u017eba \u2013 otok Kor\u010dula<\/h6>\r\n    <h6>Glavni projekt za gradnju vi\u0161estambene zgrade R \u2013 K.Frankopana 9a u Bjelovaru<\/h6>\r\n    <h6>Glavni projekt za gradnju stambene zgrade T \u2013 Savica I. 101 u Zagrebu<\/h6>\r\n    <h6>Glavni projekt za gradnju stambene zgrade K \u2013 Struge IV br16 u Zagrebu<\/h6>\r\n    <h6>Posedarje<\/h6>\r\n    <h6>Interieur stana R \u2013 Kruge u Zagrebu<\/h6>\r\n    <h6>Interieur i adaptacija stana N - Smi\u010diklasova 21 u Zagrebu<\/h6>\r\n  <\/div>\r\n\r\n  <!-- 2024 -->\r\n  <div class=\"experience-details\">\r\n    <div class=\"year-circle\">2024<\/div>\r\n    <h6>Projekt obnove ure\u0111enja pro\u010delja stambene zgrade Lopa\u0161i\u0107eva 2 u Zagrebu<\/h6>\r\n    <h6>Idejna studija gradnje stambenog naselja M u Novoj Gradi\u0161ki<\/h6>\r\n    <h6>Idejni projekt za gradnju turisti\u010dkih vila A, B - Pri\u017eba \u2013 otok Kor\u010dula<\/h6>\r\n    <h6>Projekt i tro\u0161kovnik sanacija krovi\u0161ta crkva Duha svetoga u Lovre\u010du<\/h6>\r\n  <\/div>\r\n\r\n  <!-- 2025 -->\r\n  <div class=\"experience-details\">\r\n    <div class=\"year-circle\">2025<\/div>\r\n    <h6>Projekt Lifta Zeleni Dol_Srebrnjak<\/h6>\r\n    <h6>Projekt Lifta_Branimirova ulica_Zagreb<\/h6>\r\n    <h6>Adaptacija stana_Palmoticeva ulica<\/h6>\r\n    <h6>Projekt fasade_Ulica kralja Dr\u017eislava<\/h6>\r\n    <h6>Vila Istra_Sv. Petar u \u0160umi<\/h6>\r\n    <h6>Arhitektonsko-urbanisti\u010dka studija Pridraga<\/h6>\r\n    <h6>Obiteljska ku\u0107a Mlinovi_Zagreb<\/h6>\r\n    <h6>Dvojni objekt_Vrhovec_Zagreb<\/h6>\r\n    <h6>Eta\u017eiranje Teslina ulica Zagreb<\/h6>\r\n    <h6>Eta\u017eiranje Ilica Zagreb<\/h6>\r\n    <h6>Adaptacija stana Srebrnjak<\/h6>\r\n  <\/div>\r\n\r\n<\/div>\r\n\r\n<\/body>\r\n<\/html>\r\n\t\t<\/div>\n\t\t\t\t<\/div>\n\t\t\t\t<\/div>\n\t\t\t\t<\/div>\n\t\t\t\t\t<\/div>\n\t\t\t\t<\/div>\n\t\t\t\t<\/div>","protected":false},"excerpt":{"rendered":"<p>Autorski radovi Autorski radovi Autorski i izdvojeni radovi Radno iskustvo 1985 Arhitektonski natje\u010daj za INA benzinske pumpe &#8211; Suradnik 1986 Arhitektonski natje\u010daj za projekt \u0161kole \u2013 rekonstrukcija burga \u0160arengrad u Iloku &#8211; Autor Projekt pasivne solarne obiteljske ku\u0107e u Zelini &#8211; Suradnik Idejni projekt interijera izloga Mladost, Ilica u Zagrebu &#8211; Autor (2. nagrada) 1987 [&hellip;]<\/p>","protected":false},"author":1,"featured_media":0,"parent":0,"menu_order":0,"comment_status":"closed","ping_status":"closed","template":"elementor_header_footer","meta":{"footnotes":""},"class_list":["post-242","page","type-page","status-publish","hentry"],"_links":{"self":[{"href":"http:\/\/goldprojekt.hr\/en\/wp-json\/wp\/v2\/pages\/242","targetHints":{"allow":["GET"]}}],"collection":[{"href":"http:\/\/goldprojekt.hr\/en\/wp-json\/wp\/v2\/pages"}],"about":[{"href":"http:\/\/goldprojekt.hr\/en\/wp-json\/wp\/v2\/types\/page"}],"author":[{"embeddable":true,"href":"http:\/\/goldprojekt.hr\/en\/wp-json\/wp\/v2\/users\/1"}],"replies":[{"embeddable":true,"href":"http:\/\/goldprojekt.hr\/en\/wp-json\/wp\/v2\/comments?post=242"}],"version-history":[{"count":20,"href":"http:\/\/goldprojekt.hr\/en\/wp-json\/wp\/v2\/pages\/242\/revisions"}],"predecessor-version":[{"id":677,"href":"http:\/\/goldprojekt.hr\/en\/wp-json\/wp\/v2\/pages\/242\/revisions\/677"}],"wp:attachment":[{"href":"http:\/\/goldprojekt.hr\/en\/wp-json\/wp\/v2\/media?parent=242"}],"curies":[{"name":"wp","href":"https:\/\/api.w.org\/{rel}","templated":true}]}}