{"id":211,"date":"2024-02-25T23:35:10","date_gmt":"2024-02-25T23:35:10","guid":{"rendered":"https:\/\/goldprojekt.hr\/?page_id=211"},"modified":"2024-05-02T15:32:02","modified_gmt":"2024-05-02T15:32:02","slug":"proces","status":"publish","type":"page","link":"https:\/\/goldprojekt.hr\/en\/proces\/","title":{"rendered":"PROCESS"},"content":{"rendered":"<div data-elementor-type=\"wp-page\" data-elementor-id=\"211\" class=\"elementor elementor-211\" data-elementor-post-type=\"page\">\n\t\t\t\t<div class=\"elementor-element elementor-element-49f3020 e-flex e-con-boxed e-con e-parent\" data-id=\"49f3020\" data-element_type=\"container\" data-settings=\"{&quot;background_background&quot;:&quot;classic&quot;}\">\n\t\t\t\t\t<div class=\"e-con-inner\">\n\t\t<div class=\"elementor-element elementor-element-1c7b0e25 e-con-full e-flex e-con e-child\" data-id=\"1c7b0e25\" data-element_type=\"container\">\n\t\t<div class=\"elementor-element elementor-element-5fe6b50 e-flex e-con-boxed e-con e-child\" data-id=\"5fe6b50\" data-element_type=\"container\">\n\t\t\t\t\t<div class=\"e-con-inner\">\n\t\t\t\t<div class=\"elementor-element elementor-element-e8fee50 elementor-widget elementor-widget-html\" data-id=\"e8fee50\" data-element_type=\"widget\" data-widget_type=\"html.default\">\n\t\t\t\t<div class=\"elementor-widget-container\">\n\t\t\t<!DOCTYPE html>\r\n<html lang=\"en\">\r\n<head>\r\n<meta charset=\"UTF-8\">\r\n<meta name=\"viewport\" content=\"width=device-width, initial-scale=1.0\">\r\n<title>Stepper<\/title>\r\n<style>\r\n  .stepper-container {\r\n    display: flex;\r\n    flex-direction: column;\r\n    width: 100%;\r\n  }\r\n\r\n  .step {\r\n    position: relative;\r\n    display: flex;\r\n    flex-direction: row;\r\n    align-items: start;\r\n    margin-bottom: 20px;\r\n  }\r\n\r\n  .step-number {\r\n    flex: 0 0 40px;\r\n    height: 40px;\r\n    border-radius: 50%;\r\n    background-color: #000;\r\n    color: #ffffff;\r\n    display: flex;\r\n    align-items: center;\r\n    justify-content: center;\r\n    margin-right: 20px;\r\n    z-index: 1;\r\n    font-family: inherit;\r\n    font-size: inherit;\r\n  }\r\n\r\n  .step-content h2 {\r\n    margin: 0 0 10px 0;\r\n    font-size: 18px;\r\n  }\r\n\r\n  .step-content ul {\r\n    margin: 0;\r\n    padding-left: 20px;\r\n  }\r\n\r\n  .step:not(:last-child)::after {\r\n    content: '';\r\n    position: absolute;\r\n    left: 20px;\r\n    top: 40px;\r\n    bottom: -20px;\r\n    width: 2px;\r\n    background-color: #000;\r\n    border-left: 2px dashed #000; \/* Dashed line *\/\r\n    background: none;\r\n  }\r\n\r\n  \/* Media query za razli\u010dite veli\u010dine fonta *\/\r\n  @media only screen and (max-width: 768px) {\r\n    .step-content h2 {\r\n      font-size: 20px;\r\n    }\r\n  }\r\n\r\n  @media only screen and (min-width: 769px) {\r\n    .step-content h2 {\r\n      font-family: 'Poppins', sans-serif;\r\n      font-size: 27px;\r\n    }\r\n  }\r\n<\/style>\r\n<\/head>\r\n<body>\r\n\r\n<div class=\"stepper-container\">\r\n  <div class=\"step\">\r\n    <span class=\"step-number\">1<\/span>\r\n    <div class=\"step-content\">\r\n      <h2>PREDPROJEKTNA FAZA \/ PLANIRANJE<\/h2>\r\n      <ul>\r\n        <li>Po\u010detni sastanak<\/li>\r\n        <li>Zahtjevi \/ ideje klijenata<\/li>\r\n        <li>Analiza<\/li>\r\n        <li>Prikupljanje podataka<\/li>\r\n      <\/ul>\r\n    <\/div>\r\n  <\/div>\r\n  <div class=\"step\">\r\n    <span class=\"step-number\">2<\/span>\r\n    <div class=\"step-content\">\r\n      <h2>PONUDA I PRIJEDLOG VREMENSKOG OKVIRA<\/h2>\r\n      <ul>\r\n        <li>Prijedlog ugovora<\/li>\r\n        <li>Pripreme informacija<\/li>\r\n      <\/ul>\r\n    <\/div>\r\n  <\/div>\r\n  <div class=\"step\">\r\n    <span class=\"step-number\">3<\/span>\r\n    <div class=\"step-content\">\r\n      <h2>ANALIZA PROSTORNIH MOGU\u0106NOSTI<\/h2>\r\n      <ul>\r\n        <li>Analiza lokacije i mogu\u0107nosti gradnje na njoj<\/li>\r\n        <li>Tablice<\/li>\r\n      <\/ul>\r\n    <\/div>\r\n  <\/div>\r\n  <div class=\"step\">\r\n    <span class=\"step-number\">4<\/span>\r\n    <div class=\"step-content\">\r\n      <h2>IDEJNO RJE\u0160ENJE<\/h2>\r\n      <ul>\r\n        <li>Idejno rje\u0161enje<\/li>\r\n        <li>Potvrda idejnog rje\u0161enja<\/li>\r\n      <\/ul>\r\n    <\/div>\r\n  <\/div>\r\n  <div class=\"step\">\r\n    <span class=\"step-number\">5<\/span>\r\n    <div class=\"step-content\">\r\n      <h2>RAZVOJ DIZAJNA KROZ SVE FAZE<\/h2>\r\n      <ul>\r\n        <li>Izrada idejnog projekta za isho\u0111enje Lokacijske dozvole<\/li>\r\n        <li>Izrada glavnog projekta za isho\u0111enje Gra\u0111evinske dozvole<\/li>\r\n        <li>Izrada izvedbenog projekta<\/li>\r\n      <\/ul>\r\n    <\/div>\r\n  <\/div>\r\n  <div class=\"step\">\r\n    <span class=\"step-number\">6<\/span>\r\n    <div class=\"step-content\">\r\n      <h2>ISHO\u0110ENJE SVIH POTREBNIH DOZVOLA<\/h2>\r\n    <\/div>\r\n  <\/div>\r\n  <div class=\"step\">\r\n    <span class=\"step-number\">7<\/span>\r\n    <div class=\"step-content\">\r\n      <h2>IZVEDBA<\/h2>\r\n      <ul>\r\n        <li>Pomo\u0107 pri odabiru najboljeg izvo\u0111a\u010da<\/li>\r\n      <\/ul>\r\n    <\/div>\r\n  <\/div>\r\n  <div class=\"step\">\r\n    <span class=\"step-number\">8<\/span>\r\n    <div class=\"step-content\">\r\n      <h2>NADZOR IZVO\u0110ENJA<\/h2>\r\n      <ul>\r\n        <li>Financijski nadzor radova<\/li>\r\n        <li>Gra\u0111evinski nadzor radova<\/li>\r\n      <\/ul>\r\n    <\/div>\r\n  <\/div>\r\n<\/div>\r\n\r\n<\/body>\r\n<\/html>\r\n\t\t<\/div>\n\t\t\t\t<\/div>\n\t\t\t\t\t<\/div>\n\t\t\t\t<\/div>\n\t\t\t\t<\/div>\n\t\t<div class=\"elementor-element elementor-element-39a5e6f7 e-con-full e-flex e-con e-child\" data-id=\"39a5e6f7\" data-element_type=\"container\">\n\t\t\t\t<\/div>\n\t\t<div class=\"elementor-element elementor-element-5fe86bfb e-con-full e-flex e-con e-child\" data-id=\"5fe86bfb\" data-element_type=\"container\">\n\t\t<div class=\"elementor-element elementor-element-d7a8346 e-transform elementor-hidden-tablet elementor-hidden-mobile e-flex e-con-boxed e-con e-child\" data-id=\"d7a8346\" data-element_type=\"container\" data-settings=\"{&quot;position&quot;:&quot;absolute&quot;,&quot;_transform_rotateZ_effect&quot;:{&quot;unit&quot;:&quot;px&quot;,&quot;size&quot;:90,&quot;sizes&quot;:[]},&quot;_transform_rotateZ_effect_tablet&quot;:{&quot;unit&quot;:&quot;deg&quot;,&quot;size&quot;:&quot;&quot;,&quot;sizes&quot;:[]},&quot;_transform_rotateZ_effect_mobile&quot;:{&quot;unit&quot;:&quot;deg&quot;,&quot;size&quot;:&quot;&quot;,&quot;sizes&quot;:[]}}\">\n\t\t\t\t\t<div class=\"e-con-inner\">\n\t\t<div class=\"elementor-element elementor-element-36cf0c9a e-flex e-con-boxed e-con e-child\" data-id=\"36cf0c9a\" data-element_type=\"container\" data-settings=\"{&quot;motion_fx_motion_fx_scrolling&quot;:&quot;yes&quot;,&quot;motion_fx_translateX_effect&quot;:&quot;yes&quot;,&quot;motion_fx_translateX_speed&quot;:{&quot;unit&quot;:&quot;px&quot;,&quot;size&quot;:2.2,&quot;sizes&quot;:[]},&quot;motion_fx_translateX_affectedRange&quot;:{&quot;unit&quot;:&quot;%&quot;,&quot;size&quot;:&quot;&quot;,&quot;sizes&quot;:{&quot;start&quot;:0,&quot;end&quot;:100}},&quot;motion_fx_devices&quot;:[&quot;desktop&quot;,&quot;tablet&quot;,&quot;mobile&quot;]}\">\n\t\t\t\t\t<div class=\"e-con-inner\">\n\t\t\t\t<div class=\"elementor-element elementor-element-3c18ec2d elementor-widget elementor-widget-heading\" data-id=\"3c18ec2d\" data-element_type=\"widget\" data-settings=\"{&quot;motion_fx_motion_fx_scrolling&quot;:&quot;yes&quot;,&quot;motion_fx_devices&quot;:[&quot;desktop&quot;,&quot;tablet&quot;,&quot;mobile&quot;]}\" data-widget_type=\"heading.default\">\n\t\t\t\t<div class=\"elementor-widget-container\">\n\t\t\t<style>\/*! elementor - v3.21.0 - 26-05-2024 *\/\n.elementor-heading-title{padding:0;margin:0;line-height:1}.elementor-widget-heading .elementor-heading-title[class*=elementor-size-]>a{color:inherit;font-size:inherit;line-height:inherit}.elementor-widget-heading .elementor-heading-title.elementor-size-small{font-size:15px}.elementor-widget-heading .elementor-heading-title.elementor-size-medium{font-size:19px}.elementor-widget-heading .elementor-heading-title.elementor-size-large{font-size:29px}.elementor-widget-heading .elementor-heading-title.elementor-size-xl{font-size:39px}.elementor-widget-heading .elementor-heading-title.elementor-size-xxl{font-size:59px}<\/style><h2 class=\"elementor-heading-title elementor-size-default\">PROCESS<\/h2>\t\t<\/div>\n\t\t\t\t<\/div>\n\t\t\t\t<div class=\"elementor-element elementor-element-5df7e258 elementor-widget-divider--view-line elementor-widget elementor-widget-divider\" data-id=\"5df7e258\" data-element_type=\"widget\" data-settings=\"{&quot;motion_fx_motion_fx_scrolling&quot;:&quot;yes&quot;,&quot;motion_fx_devices&quot;:[&quot;desktop&quot;,&quot;tablet&quot;,&quot;mobile&quot;]}\" data-widget_type=\"divider.default\">\n\t\t\t\t<div class=\"elementor-widget-container\">\n\t\t\t<style>\/*! elementor - v3.21.0 - 26-05-2024 *\/\n.elementor-widget-divider{--divider-border-style:none;--divider-border-width:1px;--divider-color:#0c0d0e;--divider-icon-size:20px;--divider-element-spacing:10px;--divider-pattern-height:24px;--divider-pattern-size:20px;--divider-pattern-url:none;--divider-pattern-repeat:repeat-x}.elementor-widget-divider .elementor-divider{display:flex}.elementor-widget-divider .elementor-divider__text{font-size:15px;line-height:1;max-width:95%}.elementor-widget-divider .elementor-divider__element{margin:0 var(--divider-element-spacing);flex-shrink:0}.elementor-widget-divider .elementor-icon{font-size:var(--divider-icon-size)}.elementor-widget-divider .elementor-divider-separator{display:flex;margin:0;direction:ltr}.elementor-widget-divider--view-line_icon .elementor-divider-separator,.elementor-widget-divider--view-line_text .elementor-divider-separator{align-items:center}.elementor-widget-divider--view-line_icon .elementor-divider-separator:after,.elementor-widget-divider--view-line_icon .elementor-divider-separator:before,.elementor-widget-divider--view-line_text .elementor-divider-separator:after,.elementor-widget-divider--view-line_text .elementor-divider-separator:before{display:block;content:\"\";border-block-end:0;flex-grow:1;border-block-start:var(--divider-border-width) var(--divider-border-style) var(--divider-color)}.elementor-widget-divider--element-align-left .elementor-divider .elementor-divider-separator>.elementor-divider__svg:first-of-type{flex-grow:0;flex-shrink:100}.elementor-widget-divider--element-align-left .elementor-divider-separator:before{content:none}.elementor-widget-divider--element-align-left .elementor-divider__element{margin-left:0}.elementor-widget-divider--element-align-right .elementor-divider .elementor-divider-separator>.elementor-divider__svg:last-of-type{flex-grow:0;flex-shrink:100}.elementor-widget-divider--element-align-right .elementor-divider-separator:after{content:none}.elementor-widget-divider--element-align-right .elementor-divider__element{margin-right:0}.elementor-widget-divider--element-align-start .elementor-divider .elementor-divider-separator>.elementor-divider__svg:first-of-type{flex-grow:0;flex-shrink:100}.elementor-widget-divider--element-align-start .elementor-divider-separator:before{content:none}.elementor-widget-divider--element-align-start .elementor-divider__element{margin-inline-start:0}.elementor-widget-divider--element-align-end .elementor-divider .elementor-divider-separator>.elementor-divider__svg:last-of-type{flex-grow:0;flex-shrink:100}.elementor-widget-divider--element-align-end .elementor-divider-separator:after{content:none}.elementor-widget-divider--element-align-end .elementor-divider__element{margin-inline-end:0}.elementor-widget-divider:not(.elementor-widget-divider--view-line_text):not(.elementor-widget-divider--view-line_icon) .elementor-divider-separator{border-block-start:var(--divider-border-width) var(--divider-border-style) var(--divider-color)}.elementor-widget-divider--separator-type-pattern{--divider-border-style:none}.elementor-widget-divider--separator-type-pattern.elementor-widget-divider--view-line .elementor-divider-separator,.elementor-widget-divider--separator-type-pattern:not(.elementor-widget-divider--view-line) .elementor-divider-separator:after,.elementor-widget-divider--separator-type-pattern:not(.elementor-widget-divider--view-line) .elementor-divider-separator:before,.elementor-widget-divider--separator-type-pattern:not([class*=elementor-widget-divider--view]) .elementor-divider-separator{width:100%;min-height:var(--divider-pattern-height);-webkit-mask-size:var(--divider-pattern-size) 100%;mask-size:var(--divider-pattern-size) 100%;-webkit-mask-repeat:var(--divider-pattern-repeat);mask-repeat:var(--divider-pattern-repeat);background-color:var(--divider-color);-webkit-mask-image:var(--divider-pattern-url);mask-image:var(--divider-pattern-url)}.elementor-widget-divider--no-spacing{--divider-pattern-size:auto}.elementor-widget-divider--bg-round{--divider-pattern-repeat:round}.rtl .elementor-widget-divider .elementor-divider__text{direction:rtl}.e-con-inner>.elementor-widget-divider,.e-con>.elementor-widget-divider{width:var(--container-widget-width,100%);--flex-grow:var(--container-widget-flex-grow)}<\/style>\t\t<div class=\"elementor-divider\">\n\t\t\t<span class=\"elementor-divider-separator\">\n\t\t\t\t\t\t<\/span>\n\t\t<\/div>\n\t\t\t\t<\/div>\n\t\t\t\t<\/div>\n\t\t\t\t\t<\/div>\n\t\t\t\t<\/div>\n\t\t\t\t\t<\/div>\n\t\t\t\t<\/div>\n\t\t<div class=\"elementor-element elementor-element-3d9a2473 elementor-hidden-desktop e-flex e-con-boxed e-con e-child\" data-id=\"3d9a2473\" data-element_type=\"container\">\n\t\t\t\t\t<div class=\"e-con-inner\">\n\t\t<div class=\"elementor-element elementor-element-65826342 e-flex e-con-boxed e-con e-child\" data-id=\"65826342\" data-element_type=\"container\">\n\t\t\t\t\t<div class=\"e-con-inner\">\n\t\t\t\t<div class=\"elementor-element elementor-element-4d88858f elementor-widget elementor-widget-heading\" data-id=\"4d88858f\" data-element_type=\"widget\" data-settings=\"{&quot;motion_fx_motion_fx_scrolling&quot;:&quot;yes&quot;,&quot;motion_fx_devices&quot;:[&quot;desktop&quot;,&quot;tablet&quot;,&quot;mobile&quot;]}\" data-widget_type=\"heading.default\">\n\t\t\t\t<div class=\"elementor-widget-container\">\n\t\t\t<h2 class=\"elementor-heading-title elementor-size-default\">PROCESS<\/h2>\t\t<\/div>\n\t\t\t\t<\/div>\n\t\t\t\t<div class=\"elementor-element elementor-element-3330eec2 elementor-widget-divider--view-line elementor-widget elementor-widget-divider\" data-id=\"3330eec2\" data-element_type=\"widget\" data-settings=\"{&quot;motion_fx_motion_fx_scrolling&quot;:&quot;yes&quot;,&quot;motion_fx_devices&quot;:[&quot;desktop&quot;,&quot;tablet&quot;,&quot;mobile&quot;]}\" data-widget_type=\"divider.default\">\n\t\t\t\t<div class=\"elementor-widget-container\">\n\t\t\t\t\t<div class=\"elementor-divider\">\n\t\t\t<span class=\"elementor-divider-separator\">\n\t\t\t\t\t\t<\/span>\n\t\t<\/div>\n\t\t\t\t<\/div>\n\t\t\t\t<\/div>\n\t\t\t\t\t<\/div>\n\t\t\t\t<\/div>\n\t\t\t\t\t<\/div>\n\t\t\t\t<\/div>\n\t\t\t\t<\/div>\n\t\t\t\t\t<\/div>\n\t\t\t\t<\/div>\n\t\t\t\t<\/div>","protected":false},"excerpt":{"rendered":"<p>Stepper 1 PREDPROJEKTNA FAZA \/ PLANIRANJE Po\u010detni sastanak Zahtjevi \/ ideje klijenata Analiza Prikupljanje podataka 2 PONUDA I PRIJEDLOG VREMENSKOG OKVIRA Prijedlog ugovora Pripreme informacija 3 ANALIZA PROSTORNIH MOGU\u0106NOSTI Analiza lokacije i mogu\u0107nosti gradnje na njoj Tablice 4 IDEJNO RJE\u0160ENJE Idejno rje\u0161enje Potvrda idejnog rje\u0161enja 5 RAZVOJ DIZAJNA KROZ SVE FAZE Izrada idejnog projekta za [&hellip;]<\/p>","protected":false},"author":1,"featured_media":0,"parent":0,"menu_order":0,"comment_status":"closed","ping_status":"closed","template":"elementor_header_footer","meta":{"footnotes":""},"class_list":["post-211","page","type-page","status-publish","hentry"],"_links":{"self":[{"href":"https:\/\/goldprojekt.hr\/en\/wp-json\/wp\/v2\/pages\/211","targetHints":{"allow":["GET"]}}],"collection":[{"href":"https:\/\/goldprojekt.hr\/en\/wp-json\/wp\/v2\/pages"}],"about":[{"href":"https:\/\/goldprojekt.hr\/en\/wp-json\/wp\/v2\/types\/page"}],"author":[{"embeddable":true,"href":"https:\/\/goldprojekt.hr\/en\/wp-json\/wp\/v2\/users\/1"}],"replies":[{"embeddable":true,"href":"https:\/\/goldprojekt.hr\/en\/wp-json\/wp\/v2\/comments?post=211"}],"version-history":[{"count":22,"href":"https:\/\/goldprojekt.hr\/en\/wp-json\/wp\/v2\/pages\/211\/revisions"}],"predecessor-version":[{"id":571,"href":"https:\/\/goldprojekt.hr\/en\/wp-json\/wp\/v2\/pages\/211\/revisions\/571"}],"wp:attachment":[{"href":"https:\/\/goldprojekt.hr\/en\/wp-json\/wp\/v2\/media?parent=211"}],"curies":[{"name":"wp","href":"https:\/\/api.w.org\/{rel}","templated":true}]}}